{"id":133,"date":"2023-04-27T17:47:58","date_gmt":"2023-04-27T17:47:58","guid":{"rendered":"https:\/\/himmerlandshypnoterapi.dk\/?page_id=133"},"modified":"2024-02-03T12:50:12","modified_gmt":"2024-02-03T12:50:12","slug":"hypnoseterapi","status":"publish","type":"page","link":"https:\/\/himmerlandshypnoterapi.dk\/index.php\/hypnoseterapi\/","title":{"rendered":"Hypnoterapi"},"content":{"rendered":"\n<div style=\"height:39px\" aria-hidden=\"true\" class=\"wp-block-spacer\"><\/div>\n\n\n\n<h2 class=\"wp-block-heading\">Stress<\/h2>\n\n\n\n<p>Det kan v\u00e6re, du oplever:<\/p>\n\n\n\n<ul class=\"wp-block-list\">\n<li>tankemylder<\/li>\n\n\n\n<li>uro i kroppen<\/li>\n\n\n\n<li>s\u00f8vnl\u00f8shed<\/li>\n\n\n\n<li>du f\u00f8ler dig tappet for energi.<\/li>\n\n\n\n<li>k\u00f8rt fast p\u00e5 job<\/li>\n\n\n\n<li>kan ikke overskue din hverdag<\/li>\n\n\n\n<li>du er presset i skole eller p\u00e5 uddannelse<\/li>\n<\/ul>\n\n\n\n<p>Oplev at finde ro, n\u00e6rv\u00e6r og vejledning\u00a0s\u00e5 du, i dit eget tempo, kan finde DIN vej fremad.<\/p>\n\n\n\n<h2 class=\"wp-block-heading\">Angst eller angstlignende udfordringer<\/h2>\n\n\n\n<p>Har du en ubehagelig fornemmelse i kroppen, n\u00e5r du er i en bestemt situation, eller er der tanker, der har \u201dsat sig fast\u201d? Kan du nikke genkendende til nogle af disse:<\/p>\n\n\n\n<ul class=\"wp-block-list\">\n<li>du har sv\u00e6rt ved at v\u00e6re bestemte steder eller med bestemte mennesker<\/li>\n\n\n\n<li>eksamensangst &#8211; du f\u00f8ler uro\/ g\u00e5r i sort, n\u00e5r du skal freml\u00e6gge eller til eksamen<\/li>\n\n\n\n<li>du har tanker, der g\u00f8r dig bange og begr\u00e6nser dig<\/li>\n<\/ul>\n\n\n\n<p>Find ro og tro p\u00e5 dig selv, s\u00e5 du kan m\u00f8de udfordringer med den bedste udgave af dig selv.<\/p>\n\n\n\n<h2 class=\"wp-block-heading\">Fobier<\/h2>\n\n\n\n<p>Er du bange for ting eller dyr p\u00e5 en uhensigtsm\u00e6ssig m\u00e5de? F.eks:<\/p>\n\n\n\n<ul class=\"wp-block-list\">\n<li>n\u00e5lefobi<\/li>\n\n\n\n<li>bange for edderkopper<\/li>\n\n\n\n<li>bange for h\u00f8jder<\/li>\n\n\n\n<li>flyskr\u00e6k<\/li>\n\n\n\n<li>tandl\u00e6geskr\u00e6k<\/li>\n\n\n\n<li>klaustrofobi<\/li>\n<\/ul>\n\n\n\n<p>F\u00e5 roen og trygheden tilbage og f\u00e5 f\u00e5r nyt mod til at m\u00f8de din udfordring p\u00e5 en ny m\u00e5de, hvor du har kontrollen.<\/p>\n\n\n\n<h2 class=\"wp-block-heading\">Selvv\u00e6rd<\/h2>\n\n\n\n<p>&nbsp;Har du udfordringer i forhold til dit selvv\u00e6rd? F.eks:<\/p>\n\n\n\n<ul class=\"wp-block-list\">\n<li>du f\u00f8ler dig ikke god nok<\/li>\n\n\n\n<li>\u201dmine venner er bedre end mig\u201d<\/li>\n\n\n\n<li>du har sv\u00e6rt ved at tro p\u00e5 dig selv og dine beslutninger<\/li>\n<\/ul>\n\n\n\n<p>Find ro og tro p\u00e5 dig selv &#8211; og mod til at v\u00e6re DIG, uanset hvad andre t\u00e6nker.<\/p>\n\n\n\n<h2 class=\"wp-block-heading\">Konflikter<\/h2>\n\n\n\n<p>Oplever du konflikter, nye som gamle, f.eks:<\/p>\n\n\n\n<ul class=\"wp-block-list\">\n<li>konflikt p\u00e5 arbejdspladsen<\/li>\n\n\n\n<li>uenigheder i familien<\/li>\n\n\n\n<li>problemer i forhold til venner<\/li>\n<\/ul>\n\n\n\n<p>I f\u00e6llesskab finder vi ud af, hvad der skal til for, at du kan h\u00e5ndtere din andel og komme godt videre.<\/p>\n\n\n\n<h2 class=\"wp-block-heading\">Rygning<\/h2>\n\n\n\n<p>Er du topmotiveret for at stoppe med at ryge, s\u00e5 kan du komme i m\u00e5l med rygestop hos Himmerlands Hypnoterapi.<\/p>\n\n\n\n<h2 class=\"wp-block-heading\">V\u00e6gtproblemer<\/h2>\n\n\n\n<p>Har du problemer med overv\u00e6gt, og er du meget motiveret for at foretage en \u00e6ndring, s\u00e5 kan du f\u00e5 hj\u00e6lp til at finde de ressourcer, du har, som du skal bruge for at komme i m\u00e5l med dit v\u00e6gttab.<\/p>\n","protected":false},"excerpt":{"rendered":"<p>Stress Det kan v\u00e6re, du oplever: Oplev at finde ro, n\u00e6rv\u00e6r og vejledning\u00a0s\u00e5 du, i dit eget tempo, kan finde DIN vej fremad. Angst eller angstlignende udfordringer Har du en ubehagelig fornemmelse i kroppen, n\u00e5r du er i en bestemt situation, eller er der tanker, der har \u201dsat sig fast\u201d? Kan du nikke genkendende til<\/p><\/div>\n<div class=\"blog-btn\"><a href=\"https:\/\/himmerlandshypnoterapi.dk\/index.php\/hypnoseterapi\/\" class=\"home-blog-btn\">L\u00e6s mere <\/a><\/p>\n","protected":false},"author":3,"featured_media":0,"parent":0,"menu_order":0,"comment_status":"closed","ping_status":"closed","template":"","meta":{"footnotes":""},"class_list":["post-133","page","type-page","status-publish","hentry"],"_links":{"self":[{"href":"https:\/\/himmerlandshypnoterapi.dk\/index.php\/wp-json\/wp\/v2\/pages\/133","targetHints":{"allow":["GET"]}}],"collection":[{"href":"https:\/\/himmerlandshypnoterapi.dk\/index.php\/wp-json\/wp\/v2\/pages"}],"about":[{"href":"https:\/\/himmerlandshypnoterapi.dk\/index.php\/wp-json\/wp\/v2\/types\/page"}],"author":[{"embeddable":true,"href":"https:\/\/himmerlandshypnoterapi.dk\/index.php\/wp-json\/wp\/v2\/users\/3"}],"replies":[{"embeddable":true,"href":"https:\/\/himmerlandshypnoterapi.dk\/index.php\/wp-json\/wp\/v2\/comments?post=133"}],"version-history":[{"count":27,"href":"https:\/\/himmerlandshypnoterapi.dk\/index.php\/wp-json\/wp\/v2\/pages\/133\/revisions"}],"predecessor-version":[{"id":323,"href":"https:\/\/himmerlandshypnoterapi.dk\/index.php\/wp-json\/wp\/v2\/pages\/133\/revisions\/323"}],"wp:attachment":[{"href":"https:\/\/himmerlandshypnoterapi.dk\/index.php\/wp-json\/wp\/v2\/media?parent=133"}],"curies":[{"name":"wp","href":"https:\/\/api.w.org\/{rel}","templated":true}]}}