{"id":175,"date":"2023-05-01T09:28:48","date_gmt":"2023-05-01T09:28:48","guid":{"rendered":"https:\/\/himmerlandshypnoterapi.dk\/index.php\/home\/"},"modified":"2024-02-03T12:43:09","modified_gmt":"2024-02-03T12:43:09","slug":"home","status":"publish","type":"page","link":"https:\/\/himmerlandshypnoterapi.dk\/index.php\/home\/","title":{"rendered":"Home"},"content":{"rendered":"\n<h2 class=\"wp-block-heading\">Velkommen til Himmerlands Hypnoterapi<\/h2>\n\n\n\n<p>Et menneskes hjerne er fantastisk, vi kan utroligt mange ting, og vi udvikler os hele tiden.<\/p>\n\n\n\n<p>Alligevel er langt de fleste tanker, tanker vi har t\u00e6nkt f\u00f8r, og det er selvf\u00f8lgelig dejligt, hvis det er gode tanker, som vi kan bruge til noget.<\/p>\n\n\n\n<p>Er det derimod tanker, som begr\u00e6nser os p\u00e5 den ene eller anden m\u00e5de, det kunne v\u00e6re manglende tro p\u00e5 dig selv, frygt, stress eller noget helt andet, s\u00e5 kommer vi til at \u201dlide af\u201d genbrugstanker.<\/p>\n\n\n\n<p>S\u00e5 hvis du f\u00f8ler, at du t\u00e6nker det samme, at du kun ser de samme udfordringer, og du derfor g\u00e5r samme vej, ja s\u00e5 kommer du samme sted hen.<\/p>\n\n\n\n<p>Hos Himmerlands Hypnoterapi vil du opleve at finde RO, s\u00e5 du kan finde rum til nye tanker, s\u00e5 du kan komme i m\u00e5l med det, DU gerne vil!<\/p>\n","protected":false},"excerpt":{"rendered":"<p>Velkommen til Himmerlands Hypnoterapi Et menneskes hjerne er fantastisk, vi kan utroligt mange ting, og vi udvikler os hele tiden. Alligevel er langt de fleste tanker, tanker vi har t\u00e6nkt f\u00f8r, og det er selvf\u00f8lgelig dejligt, hvis det er gode tanker, som vi kan bruge til noget. Er det derimod tanker, som begr\u00e6nser os p\u00e5<\/p><\/div>\n<div class=\"blog-btn\"><a href=\"https:\/\/himmerlandshypnoterapi.dk\/index.php\/home\/\" class=\"home-blog-btn\">L\u00e6s mere <\/a><\/p>\n","protected":false},"author":3,"featured_media":0,"parent":0,"menu_order":0,"comment_status":"closed","ping_status":"closed","template":"template-business.php","meta":{"footnotes":""},"class_list":["post-175","page","type-page","status-publish","hentry"],"_links":{"self":[{"href":"https:\/\/himmerlandshypnoterapi.dk\/index.php\/wp-json\/wp\/v2\/pages\/175","targetHints":{"allow":["GET"]}}],"collection":[{"href":"https:\/\/himmerlandshypnoterapi.dk\/index.php\/wp-json\/wp\/v2\/pages"}],"about":[{"href":"https:\/\/himmerlandshypnoterapi.dk\/index.php\/wp-json\/wp\/v2\/types\/page"}],"author":[{"embeddable":true,"href":"https:\/\/himmerlandshypnoterapi.dk\/index.php\/wp-json\/wp\/v2\/users\/3"}],"replies":[{"embeddable":true,"href":"https:\/\/himmerlandshypnoterapi.dk\/index.php\/wp-json\/wp\/v2\/comments?post=175"}],"version-history":[{"count":4,"href":"https:\/\/himmerlandshypnoterapi.dk\/index.php\/wp-json\/wp\/v2\/pages\/175\/revisions"}],"predecessor-version":[{"id":312,"href":"https:\/\/himmerlandshypnoterapi.dk\/index.php\/wp-json\/wp\/v2\/pages\/175\/revisions\/312"}],"wp:attachment":[{"href":"https:\/\/himmerlandshypnoterapi.dk\/index.php\/wp-json\/wp\/v2\/media?parent=175"}],"curies":[{"name":"wp","href":"https:\/\/api.w.org\/{rel}","templated":true}]}}