{"id":5,"date":"2023-04-20T17:12:56","date_gmt":"2023-04-20T17:12:56","guid":{"rendered":"http:\/\/himmerlandshypnoterapi.dk\/?page_id=5"},"modified":"2023-05-02T07:24:39","modified_gmt":"2023-05-02T07:24:39","slug":"hjem","status":"publish","type":"page","link":"https:\/\/himmerlandshypnoterapi.dk\/","title":{"rendered":"Forside"},"content":{"rendered":"\n<div class=\"wp-block-cover aligncenter is-light\" style=\"min-height:532px;aspect-ratio:unset;\"><span aria-hidden=\"true\" class=\"wp-block-cover__background has-background-dim-0 has-background-dim\"><\/span><img loading=\"lazy\" decoding=\"async\" width=\"1280\" height=\"814\" class=\"wp-block-cover__image-background wp-image-77\" alt=\"\" src=\"https:\/\/himmerlandshypnoterapi.dk\/wp-content\/uploads\/2023\/04\/flowers-276014_1280.jpg\" style=\"object-position:50% 20%\" data-object-fit=\"cover\" data-object-position=\"50% 20%\" srcset=\"https:\/\/himmerlandshypnoterapi.dk\/wp-content\/uploads\/2023\/04\/flowers-276014_1280.jpg 1280w, https:\/\/himmerlandshypnoterapi.dk\/wp-content\/uploads\/2023\/04\/flowers-276014_1280-300x191.jpg 300w, https:\/\/himmerlandshypnoterapi.dk\/wp-content\/uploads\/2023\/04\/flowers-276014_1280-1024x651.jpg 1024w, https:\/\/himmerlandshypnoterapi.dk\/wp-content\/uploads\/2023\/04\/flowers-276014_1280-768x488.jpg 768w\" sizes=\"auto, (max-width: 1280px) 100vw, 1280px\" \/><div class=\"wp-block-cover__inner-container is-layout-flow wp-block-cover-is-layout-flow\">\n<h1 class=\"wp-block-heading has-text-align-center has-text-color\" style=\"color:#121212\">Terapi &amp;<\/h1>\n\n\n\n<h2 class=\"wp-block-heading has-text-align-center has-nv-dark-bg-color has-text-color\">Hypnose<\/h2>\n\n\n\n<p><\/p>\n<\/div><\/div>\n\n\n\n<h2 class=\"wp-block-heading has-text-align-center\">Velkommen til Himmerlands Hypnoterapi<\/h2>\n\n\n\n<div class=\"wp-block-columns is-layout-flex wp-container-core-columns-is-layout-9d6595d7 wp-block-columns-is-layout-flex\">\n<div class=\"wp-block-column is-layout-flow wp-block-column-is-layout-flow\">\n<p>Et menneskes hjerne er fantastisk, vi kan utroligt mange ting, og vi udvikler os hele tiden.<\/p>\n\n\n\n<p>Alligevel er langt de fleste tanker, tanker vi har t\u00e6nkt f\u00f8r, og det er selvf\u00f8lelig dejligt, hvis det er gode tanker, som vi kan bruge til noget.<\/p>\n\n\n\n<p>Er det derimod tanker som begr\u00e6nser os p\u00e5 den ene eller anden m\u00e5de, det kunne v\u00e6re manglende tro p\u00e5 dig selv, frygt, stress \u2013 eller noget helt andet, s\u00e5 kommer vi til at \u201dlide af\u201d genbrugstanker.<\/p>\n\n\n\n<p>S\u00e5 hvis du f\u00f8ler at du t\u00e6nker det samme, at du kun ser de samme udfordringer, og du derfor g\u00e5r samme vej, ja s\u00e5 kommer du samme sted hen.<\/p>\n\n\n\n<p>Hos Himmerlands Hypnoterapi, vil du opleve at finde RO, s\u00e5 du kan finde rum til nye tanker, s\u00e5 du&nbsp; kan komme i m\u00e5l med det DU gerne vil!<\/p>\n<\/div>\n<\/div>\n\n\n\n<hr class=\"wp-block-separator has-alpha-channel-opacity is-style-dots\"\/>\n\n\n\n<div class=\"wp-block-columns is-layout-flex wp-container-core-columns-is-layout-9d6595d7 wp-block-columns-is-layout-flex\">\n<div class=\"wp-block-column is-layout-flow wp-block-column-is-layout-flow\" style=\"flex-basis:10%\"><\/div>\n\n\n\n<div class=\"wp-block-column is-layout-flow wp-block-column-is-layout-flow\" style=\"flex-basis:80%\">\n<p>Hos Himmerlands Hypnoterapi kan du f\u00e5 hj\u00e6lp til at finde DIN vej til noget bedre, hvis du har udfordringer med:<\/p>\n\n\n\n<ul class=\"wp-block-list\">\n<li>Stress<\/li>\n\n\n\n<li>Angst eller angstlignende udfordringer<\/li>\n\n\n\n<li>Fobier<\/li>\n\n\n\n<li>Selvv\u00e6rd<\/li>\n\n\n\n<li>Konflikter<\/li>\n\n\n\n<li>Rygning<\/li>\n\n\n\n<li>V\u00e6gtproblemer<\/li>\n<\/ul>\n\n\n\n<p><a href=\"https:\/\/himmerlandshypnoterapi.dk\/index.php\/hypnoseterapi\/\">L\u00e6s mere her<\/a><\/p>\n<\/div>\n\n\n\n<div class=\"wp-block-column is-layout-flow wp-block-column-is-layout-flow\" style=\"flex-basis:10%\"><\/div>\n<\/div>\n","protected":false},"excerpt":{"rendered":"<p>Velkommen til Himmerlands Hypnoterapi Et menneskes hjerne er fantastisk, vi kan utroligt mange ting, og vi udvikler os hele tiden. Alligevel er langt de fleste tanker, tanker vi har t\u00e6nkt f\u00f8r, og det er selvf\u00f8lelig dejligt, hvis det er gode tanker, som vi kan bruge til noget. Er det derimod tanker som begr\u00e6nser os p\u00e5<\/p><\/div>\n<div class=\"blog-btn\"><a href=\"https:\/\/himmerlandshypnoterapi.dk\/\" class=\"home-blog-btn\">L\u00e6s mere <\/a><\/p>\n","protected":false},"author":3,"featured_media":0,"parent":0,"menu_order":0,"comment_status":"closed","ping_status":"closed","template":"template\/template-page-full-width.php","meta":{"footnotes":""},"class_list":["post-5","page","type-page","status-publish","hentry"],"_links":{"self":[{"href":"https:\/\/himmerlandshypnoterapi.dk\/index.php\/wp-json\/wp\/v2\/pages\/5","targetHints":{"allow":["GET"]}}],"collection":[{"href":"https:\/\/himmerlandshypnoterapi.dk\/index.php\/wp-json\/wp\/v2\/pages"}],"about":[{"href":"https:\/\/himmerlandshypnoterapi.dk\/index.php\/wp-json\/wp\/v2\/types\/page"}],"author":[{"embeddable":true,"href":"https:\/\/himmerlandshypnoterapi.dk\/index.php\/wp-json\/wp\/v2\/users\/3"}],"replies":[{"embeddable":true,"href":"https:\/\/himmerlandshypnoterapi.dk\/index.php\/wp-json\/wp\/v2\/comments?post=5"}],"version-history":[{"count":49,"href":"https:\/\/himmerlandshypnoterapi.dk\/index.php\/wp-json\/wp\/v2\/pages\/5\/revisions"}],"predecessor-version":[{"id":279,"href":"https:\/\/himmerlandshypnoterapi.dk\/index.php\/wp-json\/wp\/v2\/pages\/5\/revisions\/279"}],"wp:attachment":[{"href":"https:\/\/himmerlandshypnoterapi.dk\/index.php\/wp-json\/wp\/v2\/media?parent=5"}],"curies":[{"name":"wp","href":"https:\/\/api.w.org\/{rel}","templated":true}]}}