{"id":6,"date":"2023-04-20T17:12:56","date_gmt":"2023-04-20T17:12:56","guid":{"rendered":"http:\/\/himmerlandshypnoterapi.dk\/?page_id=6"},"modified":"2024-02-03T12:56:39","modified_gmt":"2024-02-03T12:56:39","slug":"om","status":"publish","type":"page","link":"https:\/\/himmerlandshypnoterapi.dk\/index.php\/om\/","title":{"rendered":"Om"},"content":{"rendered":"\n<div class=\"wp-block-cover is-light\" style=\"min-height:648px;aspect-ratio:unset;\"><span aria-hidden=\"true\" class=\"wp-block-cover__background has-background-dim-20 has-background-dim\"><\/span><img decoding=\"async\" class=\"wp-block-cover__image-background wp-image-36\" alt=\"\" src=\"https:\/\/himmerlandshypnoterapi.dk\/wp-content\/uploads\/2023\/04\/CM.jpeg\" style=\"object-position:51% 42%\" data-object-fit=\"cover\" data-object-position=\"51% 42%\"\/><div class=\"wp-block-cover__inner-container is-layout-flow wp-block-cover-is-layout-flow\">\n<p class=\"has-text-align-center has-black-color has-text-color has-small-font-size\"><\/p>\n\n\n\n<div style=\"height:400px\" aria-hidden=\"true\" class=\"wp-block-spacer\"><\/div>\n\n\n\n<h2 class=\"wp-block-heading has-cyan-bluish-gray-color has-text-color\">Carsten S\u00f8e Mortensen<\/h2>\n<\/div><\/div>\n\n\n\n<div style=\"height:25px\" aria-hidden=\"true\" class=\"wp-block-spacer\"><\/div>\n\n\n\n<div class=\"wp-block-columns is-layout-flex wp-container-core-columns-is-layout-9d6595d7 wp-block-columns-is-layout-flex\">\n<div class=\"wp-block-column is-layout-flow wp-block-column-is-layout-flow\">\n<p>Mit navn er Carsten S\u00f8e Mortensen. Jeg er 53 \u00e5r og har to teenagedrenge.<\/p>\n\n\n\n<p>Jeg er oprindeligt uddannet m\u00f8belsnedker og har haft et alsidigt arbejdsliv som h\u00e5ndv\u00e6rker og som leder og har en del \u00e5r arbejdet p\u00e5 forskellig vis med unge med udfordringer.<\/p>\n\n\n\n<p>Jeg har l\u00e6nge haft et \u00f8nske om at arbejde terapeutisk, og har taget uddannelse som NLP-terapeut og neurohypnoterapeut.<\/p>\n\n\n\n<p>Det er en uddannelse, som g\u00f8r mig i stand til at arbejde som terapeut med hypnose som v\u00e6rkt\u00f8j sammen med terapien.<\/p>\n\n\n\n<p>Jeg har endvidere taget et specialkursus i hypnose med b\u00f8rn, som g\u00f8r, at jeg kan arbejde med b\u00f8rn med diverse udfordringer.<\/p>\n\n\n\n<p>Hypnoterapi<\/p>\n\n\n\n<p>Hvad vil du opleve, n\u00e5r du m\u00f8der til hypnoterapi?<\/p>\n\n\n\n<p>F\u00f8rst vil vi i samtalen f\u00e5 fundet ud af, hvad din udfordring er og p\u00e5 hvilken m\u00e5de, det er et problem for dig. I l\u00f8bet af samtalen vil du finde ud af, hvad du vil i stedet for, og det er det \u00f8nske, vi arbejder videre med i hypnosen.<\/p>\n\n\n\n<p>Hvad er hypnose?<\/p>\n\n\n\n<p>Hypnose er kort sagt en indadvendt fokuseret tilstand. Den tilstand kender vi alle. For vi oplever den ofte, n\u00e5r vi \u201dfalder i staver\u201d, misser et stykke vej n\u00e5r vi k\u00f8rer bil, eller m\u00e5ske oplever du den, n\u00e5r du er ved at v\u00e5gne eller falde i s\u00f8vn. Hypnose er ikke et kvikfix. Det er en seri\u00f8s behandlingsform, som vinder st\u00f8rre og st\u00f8rre indpas i mange forskellige sammenh\u00e6nge. Hypnoterapi kan ikke sammenlignes med scenehypnose. Det er en behagelig og effektiv behandlingsform, hvor klienten er med hele vejen. Som hypnoterapeut tager jeg udgangspunkt i de informationer, der kommer frem i den samtale, vi har f\u00f8rst, og det er altid alene dine egne \u00f8nsker til forandring, der bruges i forandringsprocessen i hypnosen.<\/p>\n<\/div>\n<\/div>\n","protected":false},"excerpt":{"rendered":"<p>Mit navn er Carsten S\u00f8e Mortensen. Jeg er 53 \u00e5r og har to teenagedrenge. Jeg er oprindeligt uddannet m\u00f8belsnedker og har haft et alsidigt arbejdsliv som h\u00e5ndv\u00e6rker og som leder og har en del \u00e5r arbejdet p\u00e5 forskellig vis med unge med udfordringer. Jeg har l\u00e6nge haft et \u00f8nske om at arbejde terapeutisk, og har<\/p><\/div>\n<div class=\"blog-btn\"><a href=\"https:\/\/himmerlandshypnoterapi.dk\/index.php\/om\/\" class=\"home-blog-btn\">L\u00e6s mere <\/a><\/p>\n","protected":false},"author":3,"featured_media":0,"parent":0,"menu_order":0,"comment_status":"closed","ping_status":"closed","template":"template\/template-page-full-width.php","meta":{"footnotes":""},"class_list":["post-6","page","type-page","status-publish","hentry"],"_links":{"self":[{"href":"https:\/\/himmerlandshypnoterapi.dk\/index.php\/wp-json\/wp\/v2\/pages\/6","targetHints":{"allow":["GET"]}}],"collection":[{"href":"https:\/\/himmerlandshypnoterapi.dk\/index.php\/wp-json\/wp\/v2\/pages"}],"about":[{"href":"https:\/\/himmerlandshypnoterapi.dk\/index.php\/wp-json\/wp\/v2\/types\/page"}],"author":[{"embeddable":true,"href":"https:\/\/himmerlandshypnoterapi.dk\/index.php\/wp-json\/wp\/v2\/users\/3"}],"replies":[{"embeddable":true,"href":"https:\/\/himmerlandshypnoterapi.dk\/index.php\/wp-json\/wp\/v2\/comments?post=6"}],"version-history":[{"count":38,"href":"https:\/\/himmerlandshypnoterapi.dk\/index.php\/wp-json\/wp\/v2\/pages\/6\/revisions"}],"predecessor-version":[{"id":333,"href":"https:\/\/himmerlandshypnoterapi.dk\/index.php\/wp-json\/wp\/v2\/pages\/6\/revisions\/333"}],"wp:attachment":[{"href":"https:\/\/himmerlandshypnoterapi.dk\/index.php\/wp-json\/wp\/v2\/media?parent=6"}],"curies":[{"name":"wp","href":"https:\/\/api.w.org\/{rel}","templated":true}]}}